{"id":17,"date":"2021-07-10T18:01:47","date_gmt":"2021-07-10T16:01:47","guid":{"rendered":"https:\/\/sportjette.be\/?page_id=17"},"modified":"2023-03-23T20:28:29","modified_gmt":"2023-03-23T19:28:29","slug":"accueil","status":"publish","type":"page","link":"https:\/\/sportjette.be\/","title":{"rendered":"Accueil"},"content":{"rendered":"<div id=\"pl-17\"  class=\"panel-layout\" ><div id=\"pg-17-0\"  class=\"panel-grid panel-no-style\" ><div id=\"pgc-17-0-0\"  class=\"panel-grid-cell\" ><div id=\"panel-17-0-0-0\" class=\"so-panel widget widget_media_image panel-first-child panel-last-child\" data-index=\"0\" ><img width=\"300\" height=\"202\" src=\"https:\/\/sportjette.be\/wp-content\/uploads\/2021\/07\/logo-300x202.png\" class=\"image wp-image-440  attachment-medium size-medium\" alt=\"\" decoding=\"async\" loading=\"lazy\" style=\"max-width: 100%; height: auto;\" srcset=\"https:\/\/sportjette.be\/wp-content\/uploads\/2021\/07\/logo-300x202.png 300w, https:\/\/sportjette.be\/wp-content\/uploads\/2021\/07\/logo-1024x691.png 1024w, https:\/\/sportjette.be\/wp-content\/uploads\/2021\/07\/logo-768x518.png 768w, https:\/\/sportjette.be\/wp-content\/uploads\/2021\/07\/logo-272x182.png 272w, https:\/\/sportjette.be\/wp-content\/uploads\/2021\/07\/logo.png 1427w\" sizes=\"100vw\" \/><\/div><\/div><div id=\"pgc-17-0-1\"  class=\"panel-grid-cell\" ><div id=\"panel-17-0-1-0\" class=\"so-panel widget widget_sow-editor panel-first-child panel-last-child\" data-index=\"1\" ><div\n\t\t\t\n\t\t\tclass=\"so-widget-sow-editor so-widget-sow-editor-base\"\n\t\t\t\n\t\t>\n<div class=\"siteorigin-widget-tinymce textwidget\">\n\t<div class=\"eds-animate edsanimate-sis-hidden \" data-eds-entry-animation=\"rotateInDownRight\" data-eds-entry-delay=\"0\" data-eds-entry-duration=\"2.0\" data-eds-entry-timing=\"linear\" data-eds-exit-animation=\"\" data-eds-exit-delay=\"\" data-eds-exit-duration=\"\" data-eds-exit-timing=\"\" data-eds-repeat-count=\"1\" data-eds-keep=\"yes\" data-eds-animate-on=\"load\" data-eds-scroll-offset=\"\">\n<p><span style=\"color: #009dff;\"><strong>L\u2019ASBL Sport \u00e0 Jette a \u00e9t\u00e9 cr\u00e9\u00e9e en 2000 dans le but de soutenir la politique sportive de la Commune et de l\u2019Echevin des sports. Pour cela, elle se donne trois objectifs :<\/strong><\/span><\/p>\n<ol>\n<li>Faire la promotion de la pratique sportive au sein de la Commune<\/li>\n<li>Organiser des \u00e9v\u00e8nements sportifs \u00e0 destination d\u2019un public diversifi\u00e9<\/li>\n<li>Prendre position et rendre des avis sur des sujets li\u00e9s \u00e0 la pratique sportive \u00e0 Jette, en se basant sur l\u2019expertise de ses membres.<\/li>\n<\/ol>\n<p>L\u2019ASBL est une association publique communale, compos\u00e9e de mandataires choisis par le Conseil Communal<\/p>\n<h3><strong>Conseil d\u2019administration :<\/strong><\/h3>\n<ul>\n<li>S\u00e9bastien Defrance : Pr\u00e9sident<\/li>\n<li>Genevi\u00e8ve Desmedt<\/li>\n<li>Johan Duquesnoy<\/li>\n<li>Marjorie Denis<\/li>\n<li>Nathalie Alexander<\/li>\n<li>Didier Chavee<\/li>\n<li>Viviane Van Melkebeke<\/li>\n<li>Daniel Moreau<\/li>\n<li>Bruno Nicostrate<\/li>\n<li>Maxime Diana Mato<\/li>\n<li>Bruno Carre : Secr\u00e9taire<\/li>\n<\/ul>\n<\/div>\n<\/div>\n<\/div><\/div><\/div><\/div><div id=\"pg-17-1\"  class=\"panel-grid panel-has-style\" ><div class=\"siteorigin-panels-stretch panel-row-style panel-row-style-for-17-1\" data-stretch-type=\"full-stretched\" ><div id=\"pgc-17-1-0\"  class=\"panel-grid-cell\" ><div id=\"panel-17-1-0-0\" class=\"so-panel widget widget_black-studio-tinymce widget_black_studio_tinymce panel-first-child panel-last-child\" data-index=\"2\" ><div class=\"textwidget\"><p>&nbsp;<\/p>\n<p>&nbsp;<\/p>\n<p>&nbsp;<\/p>\n<p>&nbsp;<\/p>\n<p>&nbsp;<\/p>\n<p>&nbsp;<\/p>\n<p>&nbsp;<\/p>\n<p>&nbsp;<\/p>\n<p>&nbsp;<\/p>\n<p>&nbsp;<\/p>\n<\/div><\/div><\/div><\/div><\/div><\/div>","protected":false},"excerpt":{"rendered":"<p>L\u2019ASBL Sport \u00e0 Jette a \u00e9t\u00e9 cr\u00e9\u00e9e en 2000 dans le but de soutenir la politique sportive de la Commune et de l\u2019Echevin des sports. Pour cela, elle se donne trois objectifs : Faire la promotion de la pratique sportive au sein de la Commune Organiser des \u00e9v\u00e8nements sportifs \u00e0 destination d\u2019un public diversifi\u00e9 Prendre &hellip; <\/p>\n<p class=\"link-more\"><a href=\"https:\/\/sportjette.be\/\" class=\"more-link\">Continuer la lecture<span class=\"screen-reader-text\"> de &laquo;&nbsp;Accueil&nbsp;&raquo;<\/span><\/a><\/p>\n","protected":false},"author":1,"featured_media":0,"parent":0,"menu_order":0,"comment_status":"closed","ping_status":"closed","template":"","meta":[],"cmb2":{"uhe_rest_metabox":{"uhe_rest_text":""}},"_links":{"self":[{"href":"https:\/\/sportjette.be\/index.php?rest_route=\/wp\/v2\/pages\/17"}],"collection":[{"href":"https:\/\/sportjette.be\/index.php?rest_route=\/wp\/v2\/pages"}],"about":[{"href":"https:\/\/sportjette.be\/index.php?rest_route=\/wp\/v2\/types\/page"}],"author":[{"embeddable":true,"href":"https:\/\/sportjette.be\/index.php?rest_route=\/wp\/v2\/users\/1"}],"replies":[{"embeddable":true,"href":"https:\/\/sportjette.be\/index.php?rest_route=%2Fwp%2Fv2%2Fcomments&post=17"}],"version-history":[{"count":52,"href":"https:\/\/sportjette.be\/index.php?rest_route=\/wp\/v2\/pages\/17\/revisions"}],"predecessor-version":[{"id":529,"href":"https:\/\/sportjette.be\/index.php?rest_route=\/wp\/v2\/pages\/17\/revisions\/529"}],"wp:attachment":[{"href":"https:\/\/sportjette.be\/index.php?rest_route=%2Fwp%2Fv2%2Fmedia&parent=17"}],"curies":[{"name":"wp","href":"https:\/\/api.w.org\/{rel}","templated":true}]}}